{"id":13,"date":"2020-08-31T20:04:37","date_gmt":"2020-08-31T20:04:37","guid":{"rendered":"https:\/\/kita-stjosef-ab.de\/?page_id=13"},"modified":"2025-07-10T12:28:25","modified_gmt":"2025-07-10T12:28:25","slug":"das-neue-museum-oeffnet-seine-tueren-2","status":"publish","type":"page","link":"https:\/\/kita-stjosef-ab.de\/","title":{"rendered":"Herzlich Willkommen"},"content":{"rendered":"\n<h2 class=\"has-text-align-center wp-block-heading\">Herzlich Willkommen<\/h2>\n\n\n\n<h3 class=\"has-text-align-center wp-block-heading\">in der Kindertagesst\u00e4tte St. Josef<\/h3>\n\n\n\n<p class=\"has-text-align-center\">Pl\u00e4tze f\u00fcr Krippe und Kindergarten werden \u00fcber das Portal <a href=\"http:\/\/kita-stjosef-ab.de\/?page_id=391http:\/\/kita-stjosef-ab.de\/?page_id=391\" data-type=\"URL\" data-id=\"http:\/\/kita-stjosef-ab.de\/?page_id=391http:\/\/kita-stjosef-ab.de\/?page_id=391\">LITTLE BIRD<\/a> vergeben.<\/p>\n\n\n\n<hr class=\"wp-block-separator is-style-wide\"\/>\n\n\n\n<div class=\"wp-block-image is-style-default\"><figure class=\"aligncenter size-large is-resized\"><img loading=\"lazy\" decoding=\"async\" src=\"http:\/\/kita-stjosef-ab.de\/wp-content\/uploads\/2022\/07\/Eingangsbild1-20220602-811x1024.jpg\" alt=\"\" class=\"wp-image-422\" width=\"406\" height=\"512\" srcset=\"https:\/\/kita-stjosef-ab.de\/wp-content\/uploads\/2022\/07\/Eingangsbild1-20220602-811x1024.jpg 811w, https:\/\/kita-stjosef-ab.de\/wp-content\/uploads\/2022\/07\/Eingangsbild1-20220602-238x300.jpg 238w, https:\/\/kita-stjosef-ab.de\/wp-content\/uploads\/2022\/07\/Eingangsbild1-20220602-768x970.jpg 768w, https:\/\/kita-stjosef-ab.de\/wp-content\/uploads\/2022\/07\/Eingangsbild1-20220602-1216x1536.jpg 1216w, https:\/\/kita-stjosef-ab.de\/wp-content\/uploads\/2022\/07\/Eingangsbild1-20220602-1621x2048.jpg 1621w, https:\/\/kita-stjosef-ab.de\/wp-content\/uploads\/2022\/07\/Eingangsbild1-20220602.jpg 1946w\" sizes=\"auto, (max-width: 406px) 100vw, 406px\" \/><\/figure><\/div>\n\n\n\n<hr class=\"wp-block-separator is-style-wide\"\/>\n","protected":false},"excerpt":{"rendered":"<p>Herzlich Willkommen in der Kindertagesst\u00e4tte St. Josef Pl\u00e4tze f\u00fcr Krippe und Kindergarten werden \u00fcber das Portal LITTLE BIRD vergeben.<\/p>\n","protected":false},"author":1,"featured_media":0,"parent":0,"menu_order":0,"comment_status":"closed","ping_status":"closed","template":"","meta":{"footnotes":""},"class_list":["post-13","page","type-page","status-publish","hentry"],"_links":{"self":[{"href":"https:\/\/kita-stjosef-ab.de\/index.php?rest_route=\/wp\/v2\/pages\/13","targetHints":{"allow":["GET"]}}],"collection":[{"href":"https:\/\/kita-stjosef-ab.de\/index.php?rest_route=\/wp\/v2\/pages"}],"about":[{"href":"https:\/\/kita-stjosef-ab.de\/index.php?rest_route=\/wp\/v2\/types\/page"}],"author":[{"embeddable":true,"href":"https:\/\/kita-stjosef-ab.de\/index.php?rest_route=\/wp\/v2\/users\/1"}],"replies":[{"embeddable":true,"href":"https:\/\/kita-stjosef-ab.de\/index.php?rest_route=%2Fwp%2Fv2%2Fcomments&post=13"}],"version-history":[{"count":43,"href":"https:\/\/kita-stjosef-ab.de\/index.php?rest_route=\/wp\/v2\/pages\/13\/revisions"}],"predecessor-version":[{"id":467,"href":"https:\/\/kita-stjosef-ab.de\/index.php?rest_route=\/wp\/v2\/pages\/13\/revisions\/467"}],"wp:attachment":[{"href":"https:\/\/kita-stjosef-ab.de\/index.php?rest_route=%2Fwp%2Fv2%2Fmedia&parent=13"}],"curies":[{"name":"wp","href":"https:\/\/api.w.org\/{rel}","templated":true}]}}