{"id":35,"date":"2020-09-28T19:34:48","date_gmt":"2020-09-28T19:34:48","guid":{"rendered":"https:\/\/kita-stjosef-ab.de\/?page_id=35"},"modified":"2025-07-10T12:59:22","modified_gmt":"2025-07-10T12:59:22","slug":"kindergarten","status":"publish","type":"page","link":"https:\/\/kita-stjosef-ab.de\/?page_id=35","title":{"rendered":"Kindergarten"},"content":{"rendered":"\n<p>Viele kleine F\u00fc\u00dfe kommen jeden Tag zu uns in die Kindertagesst\u00e4tte und sind gespannt, was sie an diesem Tag erwartet.<\/p>\n\n\n\n<p>Im Kindergarten gibt es drei Gruppen in denen jeweils 25 Kinder im Alter von 3-6 Jahren betreut werden.<\/p>\n\n\n\n<div class=\"wp-block-group\"><div class=\"wp-block-group__inner-container is-layout-flow wp-block-group-is-layout-flow\">\n<ul class=\"wp-block-list\"><li>M\u00e4usegruppe<\/li><li>Igelgruppe<\/li><li>Maulwurfgruppe<\/li><\/ul>\n<\/div><\/div>\n\n\n\n<p>Besonders wichtig ist es uns, dass die Kinder und ihre Familien gerne zu uns kommen und unser gegenseitiges Miteinander von N\u00e4chstenliebe gepr\u00e4gt ist.<\/p>\n\n\n\n<p>Au\u00dferdem m\u00f6chten wir den Kindern Handlungsr\u00e4ume bieten, in denen sie sich ausprobieren k\u00f6nnen, und neue F\u00e4higkeiten und Fertigkeiten erlangen k\u00f6nnen.<\/p>\n\n\n\n<p>Dies geschieht durch gezielte Angebote, die genau auf die Bed\u00fcrfnisse der Kinder angepasst sind, sowie im Freispiel.<\/p>\n\n\n\n<p>Hier entscheiden die Kinder selbst, womit sie sich besch\u00e4ftigen m\u00f6chten. Sie haben die Gelegenheit zu basteln, malen, tanzen, singen, bauen und vieles mehr.<\/p>\n\n\n\n<p>Auch das Turnen und die religi\u00f6se Erziehung sind wichtige Elemente unseres Kindergartenalltags.<\/p>\n\n\n\n<h2 class=\"wp-block-heading\"><strong>Tagesablauf<\/strong><\/h2>\n\n\n\n<p>Ein gut strukturierter Tagesablauf bietet Ihrem Kind Orientierung und Sicherheit:<\/p>\n\n\n\n<div class=\"wp-block-group\"><div class=\"wp-block-group__inner-container is-layout-flow wp-block-group-is-layout-flow\">\n<ul class=\"wp-block-list\"><li><strong>07:00 &#8211; 09:00 Uhr:<\/strong><br>Bringzeit, Ankommen im Kindergarten<\/li><li><strong>09:00 &#8211; 09:15 Uhr:<\/strong><br>Morgenkreis (Wer ist da?, Was ist heute wichtig?)<\/li><li><strong>09:15 &#8211; 10:30 Uhr:<\/strong><br>Freispielzeit, freies Fr\u00fchst\u00fcck, spielen, entdecken, erleben, verschiedene Angebote<br>(turnen, backen, kochen, Yoga, Forschen, D240 Kurs, Vorschule \u2026)<\/li><li><strong>ab ca. 10:20 Uhr:<\/strong><br>Wir gehen in den Hof<\/li><li><strong>12:00 Uhr:<\/strong><br>Mittagessen<\/li><li><strong>12:30 &#8211; 13:30 Uhr:<\/strong><br>Ruhezeit<\/li><li><strong>ab 13:30 Uhr:<\/strong><br>Freies Spiel, Vorlesezeit, individuelle Gestaltung<\/li><\/ul>\n\n\n\n<div class=\"wp-block-columns is-layout-flex wp-container-core-columns-is-layout-9d6595d7 wp-block-columns-is-layout-flex\">\n<div class=\"wp-block-column is-layout-flow wp-block-column-is-layout-flow\" style=\"flex-basis:100%\">\n<h2 class=\"has-text-align-center wp-block-heading\">Unsere Elternbeitr\u00e4ge<\/h2>\n\n\n\n<div class=\"wp-block-columns is-layout-flex wp-container-core-columns-is-layout-9d6595d7 wp-block-columns-is-layout-flex\">\n<div class=\"wp-block-column is-layout-flow wp-block-column-is-layout-flow\">\n<h4 class=\"has-text-align-center wp-block-heading\">Beitragsliste Stand 01.07.2025<\/h4>\n\n\n\n<figure class=\"wp-block-table is-style-stripes\"><table><thead><tr><th class=\"has-text-align-center\" data-align=\"center\">t\u00e4glich gebuchte Stunden<\/th><th class=\"has-text-align-center\" data-align=\"center\">monatlicher Elternbeitrag<\/th><\/tr><\/thead><tbody><tr><td class=\"has-text-align-center\" data-align=\"center\">bis 5 Stunden<\/td><td class=\"has-text-align-center\" data-align=\"center\">225,00\u20ac<\/td><\/tr><tr><td class=\"has-text-align-center\" data-align=\"center\">bis 6 Stunden<\/td><td class=\"has-text-align-center\" data-align=\"center\">250,00\u20ac<\/td><\/tr><tr><td class=\"has-text-align-center\" data-align=\"center\">bis 7 Stunden<\/td><td class=\"has-text-align-center\" data-align=\"center\">275,00\u20ac<\/td><\/tr><tr><td class=\"has-text-align-center\" data-align=\"center\">bis 8 Stunden<\/td><td class=\"has-text-align-center\" data-align=\"center\">300,00\u20ac<\/td><\/tr><tr><td class=\"has-text-align-center\" data-align=\"center\">bis 9 Stunden<\/td><td class=\"has-text-align-center\" data-align=\"center\">325,00\u20ac<\/td><\/tr><tr><td class=\"has-text-align-center\" data-align=\"center\">bis 10 Stunden<\/td><td class=\"has-text-align-center\" data-align=\"center\">350,00\u20ac<\/td><\/tr><tr><td class=\"has-text-align-center\" data-align=\"center\"><\/td><td class=\"has-text-align-center\" data-align=\"center\"><\/td><\/tr><\/tbody><\/table><\/figure>\n\n\n\n<p>Hinzukommt ein Verpflegungsentgelt f\u00fcr das von der Einrichtung gestellte Fr\u00fchst\u00fcck und den Nachmittagssnack in H\u00f6he von 20,00 \u20ac.<\/p>\n<\/div>\n<\/div>\n<\/div>\n<\/div>\n<\/div><\/div>\n","protected":false},"excerpt":{"rendered":"<p>Viele kleine F\u00fc\u00dfe kommen jeden Tag zu uns in die Kindertagesst\u00e4tte und sind gespannt, was sie an diesem Tag erwartet. Im Kindergarten gibt es drei Gruppen in denen jeweils 25 Kinder im Alter von 3-6 Jahren betreut werden. M\u00e4usegruppe Igelgruppe &hellip; <\/p>\n","protected":false},"author":1,"featured_media":0,"parent":0,"menu_order":0,"comment_status":"closed","ping_status":"closed","template":"","meta":{"footnotes":""},"class_list":["post-35","page","type-page","status-publish","hentry"],"_links":{"self":[{"href":"https:\/\/kita-stjosef-ab.de\/index.php?rest_route=\/wp\/v2\/pages\/35","targetHints":{"allow":["GET"]}}],"collection":[{"href":"https:\/\/kita-stjosef-ab.de\/index.php?rest_route=\/wp\/v2\/pages"}],"about":[{"href":"https:\/\/kita-stjosef-ab.de\/index.php?rest_route=\/wp\/v2\/types\/page"}],"author":[{"embeddable":true,"href":"https:\/\/kita-stjosef-ab.de\/index.php?rest_route=\/wp\/v2\/users\/1"}],"replies":[{"embeddable":true,"href":"https:\/\/kita-stjosef-ab.de\/index.php?rest_route=%2Fwp%2Fv2%2Fcomments&post=35"}],"version-history":[{"count":8,"href":"https:\/\/kita-stjosef-ab.de\/index.php?rest_route=\/wp\/v2\/pages\/35\/revisions"}],"predecessor-version":[{"id":477,"href":"https:\/\/kita-stjosef-ab.de\/index.php?rest_route=\/wp\/v2\/pages\/35\/revisions\/477"}],"wp:attachment":[{"href":"https:\/\/kita-stjosef-ab.de\/index.php?rest_route=%2Fwp%2Fv2%2Fmedia&parent=35"}],"curies":[{"name":"wp","href":"https:\/\/api.w.org\/{rel}","templated":true}]}}