{"id":40,"date":"2020-09-28T19:34:48","date_gmt":"2020-09-28T19:34:48","guid":{"rendered":"https:\/\/kita-stjosef-ab.de\/?page_id=40"},"modified":"2026-01-15T21:40:35","modified_gmt":"2026-01-15T21:40:35","slug":"traeger-verein","status":"publish","type":"page","link":"https:\/\/kita-stjosef-ab.de\/?page_id=40","title":{"rendered":"Tr\u00e4ger"},"content":{"rendered":"\n<p>Seit 01.01.2026 ist die <strong>Caritas Aschaffenburg Kita gGmbH<\/strong> Tr\u00e4ger der Kita St. Josef in der Inselstra\u00dfe 20. Die Tr\u00e4gerschaft hat die gemeinn\u00fctzige Gesellschaft mit beschr\u00e4nkter Haftung vom &nbsp;Caritasverein St. Josef Aschaffenburg e.V. \u00fcbernommen, der seit Oktober 1925 Einrichtungen zur Betreuung von Kindern f\u00fchrte.&nbsp; Gesellschafter des neuen Tr\u00e4gers, der weitere Einrichtungen in der Stadt Aschaffenburg betreibt, sind der Caritasverband Aschaffenburg Stadt und Landkreis e.V. sowie als Minderheitsgesellschafter der Caritasverband f\u00fcr die Di\u00f6zese W\u00fcrzburg e.V., wodurch die Kita St. Josef als eine Caritas-Einrichtung auf der Grundlage des christlichen Menschenbilds weitergef\u00fchrt wird. Zur Organisation der Caritas findet sich Information unter <a href=\"https:\/\/www.caritas-wuerzburg.de\/\" target=\"_blank\" rel=\"noreferrer noopener\">https:\/\/www.caritas-wuerzburg.de\/<\/a> .<\/p>\n\n\n\n<p>Ob der vormalige Tr\u00e4ger Caritasverein St. Josef Aschaffenburg e.V., eingetragen im Vereinsregister des Amtsgerichts Aschaffenburg unter VR 64, nach Aufgabe des Betriebs der Kindertagesst\u00e4tte St. Josef als F\u00f6rderverein f\u00fcr die Kita St. Josef erhalten bleiben kann, h\u00e4ngt davon ab, ob sich aus der Kita interessierte Eltern finden, die bereit sind, Mitglied im Verein zu werden und gegebenenfalls als Vorstandsmitglieder die Ziele eines F\u00f6rdervereins in verantwortlicher Position zu verfolgen. Der Verein z\u00e4hlt am 01.01.2026 noch 32 Mitglieder. Der Jahresmitgliedsbeitrag betr\u00e4gt 10 Euro.&nbsp;<\/p>\n\n\n\n<p><strong>Kontaktdaten des Tr\u00e4gers:<\/strong><\/p>\n\n\n\n<p>Caritas Aschaffenburg Kita gGmbH<br>Gesch\u00e4ftsf\u00fchrung: Frau Sara Hasenstab und Herr Maximilian Will<br>Treibgasse 26<br>63739 Aschaffenburg<br>Tel. 06021 \u2013 928 420 \u2013 0<br>Mail:&nbsp;<a href=\"mailto:kita@caritas-aschaffenburg.de\">kita@caritas-aschaffenburg.de<\/a><\/p>\n","protected":false},"excerpt":{"rendered":"<p>Seit 01.01.2026 ist die Caritas Aschaffenburg Kita gGmbH Tr\u00e4ger der Kita St. Josef in der Inselstra\u00dfe 20. Die Tr\u00e4gerschaft hat die gemeinn\u00fctzige Gesellschaft mit beschr\u00e4nkter Haftung vom &nbsp;Caritasverein St. Josef Aschaffenburg e.V. \u00fcbernommen, der seit Oktober 1925 Einrichtungen zur Betreuung &hellip; <\/p>\n","protected":false},"author":1,"featured_media":0,"parent":0,"menu_order":0,"comment_status":"closed","ping_status":"closed","template":"","meta":{"footnotes":""},"class_list":["post-40","page","type-page","status-publish","hentry"],"_links":{"self":[{"href":"https:\/\/kita-stjosef-ab.de\/index.php?rest_route=\/wp\/v2\/pages\/40","targetHints":{"allow":["GET"]}}],"collection":[{"href":"https:\/\/kita-stjosef-ab.de\/index.php?rest_route=\/wp\/v2\/pages"}],"about":[{"href":"https:\/\/kita-stjosef-ab.de\/index.php?rest_route=\/wp\/v2\/types\/page"}],"author":[{"embeddable":true,"href":"https:\/\/kita-stjosef-ab.de\/index.php?rest_route=\/wp\/v2\/users\/1"}],"replies":[{"embeddable":true,"href":"https:\/\/kita-stjosef-ab.de\/index.php?rest_route=%2Fwp%2Fv2%2Fcomments&post=40"}],"version-history":[{"count":7,"href":"https:\/\/kita-stjosef-ab.de\/index.php?rest_route=\/wp\/v2\/pages\/40\/revisions"}],"predecessor-version":[{"id":506,"href":"https:\/\/kita-stjosef-ab.de\/index.php?rest_route=\/wp\/v2\/pages\/40\/revisions\/506"}],"wp:attachment":[{"href":"https:\/\/kita-stjosef-ab.de\/index.php?rest_route=%2Fwp%2Fv2%2Fmedia&parent=40"}],"curies":[{"name":"wp","href":"https:\/\/api.w.org\/{rel}","templated":true}]}}